{"id":1926,"date":"2022-08-15T13:45:47","date_gmt":"2022-08-15T13:45:47","guid":{"rendered":"https:\/\/huerther-bruecke.de\/?page_id=1926"},"modified":"2023-12-07T11:35:37","modified_gmt":"2023-12-07T11:35:37","slug":"archiv","status":"publish","type":"page","link":"https:\/\/huerther-bruecke.de\/?page_id=1926","title":{"rendered":"Archiv"},"content":{"rendered":"\n<\/td>\n<\/tr>\n\n<table>\n<tbody>\n<tr>\n<td width=\"20%\"><img decoding=\"async\" src=\"https:\/\/huerther-bruecke.de\/wp-content\/uploads\/2023\/02\/earthquake-g2f71fa91c_1920.jpg\"><\/td>\n<td><strong> Februar 2023 Hilfe f\u00fcr die Opfer der Erdbeben in Syrien &#8211; Bitte spendet!<\/strong><br>\nDie H\u00fcrther Br\u00fccke der Kulturen e.V. und der Katholische Kirchengemeindeverband H\u00fcrth machen gemeinsam diesen Spendenaufruf\n<p><a href=\"https:\/\/huerther-bruecke.de\/?p=2076\" target=\"_blank\" rel=\"noopener noreferrer\">weiterlesen<\/a><\/p>\n<\/td>\n<\/tr>\n<\/td>\n<\/tr>\n\n<tr>\n<td width=\"20%\"><img decoding=\"async\" src=\"https:\/\/huerther-bruecke.de\/wp-content\/uploads\/2022\/05\/gs1.jpg\"><\/td>\n<td><strong> 24. November 2021 Kultur und Spa\u00df hautnah <\/strong> <br>\nNach Ende der zweij\u00e4hrigen Coronabeschr\u00e4nkungen konnte endlich der Startschuss fallen f\u00fcr unsere neuesten Projekte. Wir haben unser Spektrum erweitert um ehrenamtliche Deutschkurse f\u00fcr ukrainische Gefl\u00fcchtete, ein integrationsf\u00f6rderndes Kulturprojekt (Kulturclub) und um die Zielgruppe \u201eMigrantenkinder mit F\u00f6rder- und Motivationsbedarf\u201c.\n\n<p><a href=\"https:\/\/huerther-bruecke.de\/?p=1897\" target=\"_blank\" rel=\"noopener noreferrer\">weiterlesen<\/a><\/p>\n<\/td>\n<\/tr>\n\n<tr>\n<td width=\"20%\"><img decoding=\"async\" src=\"https:\/\/huerther-bruecke.de\/wp-content\/uploads\/2021\/12\/7F07C88E-B2A8-4A55-B8A1-CFF7EC014409.jpeg\"><\/td>\n<td><strong> 14. November 2021&nbsp;H\u00fcrther Br\u00fccke erh\u00e4lt den&nbsp;Heimatpreis&nbsp;2020 <\/strong> <br>\n\nAnfang 2020 hatten wir schon erfahren, dass wir f\u00fcr unser \u201eHeimat\u201c-Projekt den zweiten Platz beim Heimatpreis NRW&nbsp;2020&nbsp;erreicht hatten. Aber&nbsp;aufgrund der&nbsp;Coronapandemiekonnte die Verleihung nicht stattfinden. \n<p><a href=\"https:\/\/huerther-bruecke.de\/?p=1826\" target=\"_blank\" rel=\"noopener noreferrer\">weiterlesen<\/a><\/p>\n<\/td>\n<\/tr>\n\n<tr>\n<td width=\"20%\"><img decoding=\"async\" src=\"https:\/\/huerther-bruecke.de\/wp-content\/uploads\/2021\/12\/A0520B82-FC00-487A-8A75-2DFC42ADB2D7-scaled.jpeg\"><\/td>\n<td><strong>\n9. November 2021&nbsp;Schweigegang&nbsp;zur Erinnerung an die Pogromnacht<\/strong> <br>\n\nIm Gedenken an die H\u00fcrther Juden und die Judenverfolgung im Dritten Reich veranstaltete die H\u00fcrther Br\u00fccke gemeinsam mit dem&nbsp;Stadtarchiv&nbsp;H\u00fcrth einen Schweigegang.&nbsp;\n\n<p><a href=\"https:\/\/huerther-bruecke.de\/?p=1825\" target=\"_blank\" rel=\"noopener noreferrer\">weiterlesen<\/a><\/p>\n<\/td>\n<\/tr>\n\n<tr>\n<td width=\"20%\"><img decoding=\"async\" src=\"https:\/\/huerther-bruecke.de\/wp-content\/uploads\/2021\/12\/889DB7E4-7D12-4120-8EB1-15EF14772D45.jpeg\"><\/td>\n<td> <strong>26. Oktober 2021 Kurzfilm \u201eMasel&nbsp;Tov&nbsp;Cocktail\u201c mit Gespr\u00e4ch<\/strong> <br>\n\n\u201eH\u00f6rt auf,&nbsp;die Vergangenheit zu bew\u00e4ltigen, bew\u00e4ltigt lieber eure Gegenwart\u201c, sagt Dima, der Protagonist im Kurzfilm \u201eMasel&nbsp;Tov&nbsp;Cocktail\u201c. Als Jude ist er Anfeindungen ausgesetzt und h\u00e4ufig konfrontiert mit Klischees, die seine Identit\u00e4t betreffen\n\n<p><a href=\"https:\/\/huerther-bruecke.de\/?p=1822\" target=\"_blank\" rel=\"noopener noreferrer\">weiterlesen<\/a><\/p>\n<\/td>\n<\/tr>\n\n\n<tr>\n<td width=\"20%\"><img decoding=\"async\" src=\"https:\/\/huerther-bruecke.de\/wp-content\/uploads\/2021\/11\/News4-Screenshot.png\"><\/td>\n<td><strong>21. Oktober 2021 \u00dcber Antisemitismuserfahrungen, die Kraft des Widerstandes und Allianzen <\/strong> <br>\nSo lautete der Titel einer Veranstaltung der H\u00fcrther Br\u00fccke in Kooperation mit dem Aktionsb\u00fcndnis f\u00fcr Demokratiest\u00e4rkung und Antirassismus im Rhein-Erft-Kreis und der Antidiskriminierungsberatung im Rhein-Erft-Kreis (DRK Kreisverband Rhein-Erft e.V).\n<p><a href=\"https:\/\/huerther-bruecke.de\/?p=1768\" target=\"_blank\" rel=\"noopener noreferrer\">weiterlesen<\/a><\/p>\n<\/td>\n<\/tr>\n\n\n<tr>\n<td width=\"20%\"><img decoding=\"async\" src=\"https:\/\/huerther-bruecke.de\/wp-content\/uploads\/2021\/11\/9AC04DB6-F67D-48DC-832B-B9F20FB3B216.jpeg\"><\/td>\n<td><strong>18. September 2021 H\u00fcrther Br\u00fccke wieder ge\u00f6ffnet <\/strong> <br>\nNach der erzwungenen&nbsp;Coronapause&nbsp;meldet sich die H\u00fcrther Br\u00fccke zur\u00fcck. Montags, mittwochs&nbsp;und freitags von 10 bis 14&nbsp;Uhr k\u00f6nnen Gefl\u00fcchtete wieder in die Beratungssprechstunde&nbsp;kommen, daf\u00fcr ist eine Terminvereinbarung telefonisch oder pers\u00f6nlich m\u00f6glich. \n<p><a href=\"https:\/\/huerther-bruecke.de\/?p=1766\" target=\"_blank\" rel=\"noopener noreferrer\">weiterlesen<\/a><\/p>\n<\/td>\n<\/tr>\n\n<tr>\n<td width=\"20%\"><img decoding=\"async\" src=\"https:\/\/huerther-bruecke.de\/wp-content\/uploads\/2021\/12\/F34AFC3E-274A-49EA-82C9-CA20C17DBBE8-scaled.jpeg\"><\/td>\n<td><strong>04. August 2021 Umgang mit dem Computer lernen <\/strong> <br>\n\nWie kann ich an meinem Laptop eine Word-Datei erstellen? Die Schriftgr\u00f6\u00dfe \u00e4ndern? Text einr\u00fccken? Ein Foto in meinen Lebenslauf einf\u00fcgen? In einem Computerkurs lernten Gefl\u00fcchtete im Sommer den Umgang mit dem Computer.\n\n<p><a href=\"https:\/\/huerther-bruecke.de\/?p=1831\" target=\"_blank\" rel=\"noopener noreferrer\">weiterlesen<\/a><\/p>\n<\/td>\n<\/tr>\n\n<tr>\n<td width=\"20%\"><img decoding=\"async\" src=\"\"><\/td>\n<td><strong>28. Juli 2021 Nachhilfe f\u00fcr Grundschulkids<\/strong> <br>\nZum Beginn des neuen Schuljahres&nbsp;2021&nbsp;legt&nbsp;die H\u00fcrther Br\u00fccke&nbsp;ein kostenfreies Lern- und Spielangebot f\u00fcr Grundschulkinder&nbsp;auf. Es richtet sich an&nbsp;Sch\u00fclerinnen und Sch\u00fcler, die&nbsp;in der Pandemie&nbsp;mit dem&nbsp;Homeschooling&nbsp;nicht&nbsp;zurechtgekommen sind.&nbsp;Auch an die Eltern ist gedacht.\n<p><a href=\"https:\/\/huerther-bruecke.de\/?p=1761\" target=\"_blank\" rel=\"noopener noreferrer\">weiterlesen<\/a><\/p>\n<\/td>\n<\/tr>\n\n\n\n\n<tr>\n<td width=\"20%\"><img decoding=\"async\" src=\"https:\/\/huerther-bruecke.de\/wp-content\/uploads\/2021\/11\/874E088E-8906-4D98-B8B2-DC7FB1B80500.png\"><\/td>\n<td><strong>13.Juli 2021 Deutsche Postcode Lotterie f\u00f6rdert Joblotsenprojekt <\/strong> <br>\nGro\u00dfz\u00fcgige finanzielle Unterst\u00fctzung f\u00fcr&nbsp;das Projekt \u201eIntegration in Ausbildung und Arbeit\u201c der H\u00fcrther Br\u00fccke der Kulturen: Seit Juli 2021 f\u00f6rdert die Deutsche&nbsp;Postcode&nbsp;Lotterie dieses Joblotsenprojekt\n<p><a href=\"https:\/\/huerther-bruecke.de\/?p=1763\" target=\"_blank\" rel=\"noopener noreferrer\">weiterlesen<\/a><\/p>\n<\/td>\n<\/tr>\n\n<tr>\n<td width=\"20%\"><img decoding=\"async\" src=\"https:\/\/huerther-bruecke.de\/wp-content\/uploads\/2021\/05\/ada.jpg\"><\/td>\n<td><strong>30. April 2021 Initiativen gr\u00fcnden Runden Tisch gegen Rassismus <\/strong> <br>\nIm November 2020 fand das erste Treffen statt. Inzwischen umfasst der Runde Tisch gegen Rassismus im Rhein-Erft-Kreis einige Organisationen, Initiativen und Vereine aus der Region. \n<p><a href=\"https:\/\/huerther-bruecke.de\/?p=1719\" target=\"_blank\" rel=\"noopener noreferrer\">weiterlesen<\/a><\/p>\n<\/td>\n<\/tr>\n\n\n<tr>\n<td width=\"20%\"><img decoding=\"async\" src=\"https:\/\/huerther-bruecke.de\/wp-content\/uploads\/2021\/03\/DSC_0234-scaled.jpg\"><\/td>\n<td><strong>27. Januar 2021 #niemalsvergessen<\/strong> <br>\nAm Holocaust-Gedenktag haben wir wieder den Stolperstein geputzt, f\u00fcr den wir die Patenschaft \u00fcbernommen haben.\n<p><a href=\"https:\/\/huerther-bruecke.de\/?p=1694\" target=\"_blank\" rel=\"noopener noreferrer\">weiterlesen<\/a><\/p>\n<\/td>\n<\/tr>\n\n\n\n\n\n<tr>\n<td width=\"20%\"><img decoding=\"async\" src=\"https:\/\/huerther-bruecke.de\/wp-content\/uploads\/2021\/03\/IMG-0741-scaled.jpg\"><\/td>\n<td><strong>18. Januar 2021 Spenden f\u00fcr Obdachlose<\/strong> <br>\nBei unserer Arbeit begegnen wir immer wieder der Kritik, dass wir unser Engagement besser den Obdachlosen in Deutschland widmen sollten. \n<p><a href=\"https:\/\/huerther-bruecke.de\/?p=1692\" target=\"_blank\" rel=\"noopener noreferrer\">weiterlesen<\/a><\/p>\n<\/td>\n<\/tr>\n\n<tr>\n<td width=\"20%\"><img decoding=\"async\" src=\"https:\/\/huerther-bruecke.de\/wp-content\/uploads\/2021\/03\/Lipa2-HBK.jpg\"><\/td>\n<td><strong>09. Januar 2021 Hilfe f\u00fcr das Fl\u00fcchtlingslager Lipa<\/strong> <br>\nIn Griechenland brannte das Lager Moria ab und in Bosnien mussten Gefl\u00fcchtete im Freien unter unvorstellbaren Bedingungen leben. Das veranlasste uns, die F\u00fchler auszustrecken und zu recherchieren, wie wir Hilfe organisieren k\u00f6nnen. \n<p><a href=\"https:\/\/huerther-bruecke.de\/?p=1689\" target=\"_blank\" rel=\"noopener noreferrer\">weiterlesen<\/a><\/p>\n<\/td>\n<\/tr>\n\n<tr>\n<td width=\"20%\"><img decoding=\"async\" src=\"https:\/\/huerther-bruecke.de\/wp-content\/uploads\/2020\/11\/AktionNeueNachbarn.jpg\"><\/td>\n<td><strong>10. November 2020 Die \u201eAktion Neue Nachbarn\u201c kooperiert mit uns<\/strong> <br>\nZusammenarbeit bringt Verbesserungen f\u00fcr unser JoLo-Projekt\n<p><a href=\"https:\/\/huerther-bruecke.de\/?p=1637\" target=\"_blank\" rel=\"noopener noreferrer\">weiterlesen<\/a><\/p>\n<\/td>\n<\/tr>\n\n<tr>\n<td width=\"20%\"><img decoding=\"async\" src=\"https:\/\/huerther-bruecke.de\/wp-content\/uploads\/2020\/11\/IMG_1818-scaled.jpg\"><\/td>\n<td><strong>6.11.2020 \u201eH\u00fcrther Gespr\u00e4chsstoff\u201c<\/strong> <br>\nDie H\u00fcrther Br\u00fccke produziert jetzt Alltagsmasken.\n<p><a href=\"https:\/\/huerther-bruecke.de\/?p=1632\" target=\"_blank\" rel=\"noopener noreferrer\">weiterlesen<\/a><\/p>\n<\/td>\n<\/tr>\n\n<tr>\n<td width=\"20%\"><img decoding=\"async\" src=\"https:\/\/huerther-bruecke.de\/wp-content\/uploads\/2020\/11\/fairtrade.jpg\"><\/td>\n<td><strong>1. November 2020 Fairtrade \u2013 wir machen mit<\/strong> <br>\nWir haben uns Fairtrade Deutschland angeschlossen.\n<p><a href=\"https:\/\/huerther-bruecke.de\/?p=1628\" target=\"_blank\" rel=\"noopener noreferrer\">weiterlesen<\/a><\/p>\n<\/td>\n<\/tr>\n\n<tr>\n<td width=\"20%\"><img decoding=\"async\" src=\"https:\/\/huerther-bruecke.de\/wp-content\/uploads\/2020\/11\/IMG1922-scaled.jpg\"><\/td>\n<td><strong>21. September 2020 Spende vom Repair Caf\u00e9<\/strong> <br>\nDanke f\u00fcr die gro\u00dfz\u00fcgige Spende ans Repair Caf\u00e9.\n<p><a href=\"https:\/\/huerther-bruecke.de\/?p=1624\" target=\"_blank\" rel=\"noopener noreferrer\">weiterlesen<\/a><\/p>\n<\/td>\n<\/tr>\n\n<tr>\n<td width=\"20%\"><img decoding=\"async\" src=\"https:\/\/huerther-bruecke.de\/wp-content\/uploads\/2020\/11\/SpendeGruene.jpg\"><\/td>\n<td><strong>1. September 2020 Spende der H\u00fcrther GR\u00dcNEN<\/strong> <br>\nDie GR\u00dcNEN unterst\u00fctzen die H\u00fcrther Br\u00fccke  bei der Integration von gefl\u00fcchteten Menschen.\n<p><a href=\"https:\/\/huerther-bruecke.de\/?p=1613\" target=\"_blank\" rel=\"noopener noreferrer\">weiterlesen<\/a><\/p>\n<\/td>\n<\/tr>\n\n<tr>\n<td width=\"20%\"><img decoding=\"async\" src=\"https:\/\/huerther-bruecke.de\/wp-content\/uploads\/2020\/04\/Karneval0.jpg\"><\/td>\n<td><strong>1. M\u00e4rz 2020 Im Karnevalsumzug mit Botschaft <\/strong> <br>Erstmals haben wir an einem Karnevalsumzug teilgenommen\n<p>&nbsp;<\/p>\n<p><a href=\"https:\/\/huerther-bruecke.de\/?p=1583\" target=\"_blank\" rel=\"noopener noreferrer\">weiterlesen<\/a><\/p>\n<\/td>\n<\/tr>\n\n<tr>\n<td width=\"20%\"><img decoding=\"async\" src=\"https:\/\/huerther-bruecke.de\/wp-content\/uploads\/2020\/04\/PoE-Bild1.jpg\"><\/td>\n<td><strong>1. M\u00e4rz 2020 Pulse of Europe<\/strong> <br>Immer am ersten Sonntag des Monats veranstaltet die Gruppe K\u00f6ln von Pulse of Europa eine Kundgebung auf dem Roncalliplatz am K\u00f6lner Dom.\n<p>&nbsp;<\/p>\n<p><a href=\"https:\/\/huerther-bruecke.de\/?p=1572\" target=\"_blank\" rel=\"noopener noreferrer\">weiterlesen<\/a><\/p>\n<\/td>\n<\/tr>\n\n<tr>\n<td width=\"20%\"><img decoding=\"async\" src=\"https:\/\/huerther-bruecke.de\/wp-content\/uploads\/2020\/02\/Spende-Lions.jpg\"><\/td>\n<td><strong>23. Januar 2020 Spende vom Lions Club<\/strong> <br>Mit gro\u00dfer Dankbarkeit nahmen wir die Spende vom Lions Club H\u00fcrth entgegen.\n<p>&nbsp;<\/p>\n<p><a href=\"https:\/\/huerther-bruecke.de\/?p=1522\" target=\"_blank\" rel=\"noopener noreferrer\">weiterlesen<\/a><\/p>\n<\/td>\n<\/tr>\n\n<tr>\n<td width=\"20%\"><img decoding=\"async\" src=\"https:\/\/huerther-bruecke.de\/wp-content\/uploads\/2020\/02\/Scheck%C3%BCbergabe-KSK-Stiftung2-768x1024.jpg\"><\/td>\n<td><strong>7. November 2019 Spende der KSK Stiftung<\/strong> <br>Wir sagen Danke! Von der Stiftung der Kreissparkasse K\u00f6ln durchden wie einen Scheck entgegennehmen.\n<p>&nbsp;<\/p>\n<p><a href=\"https:\/\/huerther-bruecke.de\/?p=1518\" target=\"_blank\" rel=\"noopener noreferrer\">weiterlesen<\/a><\/p>\n<\/td>\n<\/tr>\n\n<tr>\n<td width=\"20%\"><img decoding=\"async\" src=\"https:\/\/huerther-bruecke.de\/wp-content\/uploads\/2020\/02\/P1150828-1024x575.jpg\"><\/td>\n<td><strong>27. Oktober 2019 \u201eHeimat es \u2026\u201c<\/strong> <br>Zum Abschluss unseres Heimat-Projekts stieg unser Fest mit Pr\u00e4sentation aller Projektaktivit\u00e4ten.\n<p>&nbsp;<\/p>\n<p><a href=\"https:\/\/huerther-bruecke.de\/?p=1525\" target=\"_blank\" rel=\"noopener noreferrer\">weiterlesen<\/a><\/p>\n<\/td>\n<\/tr>\n\n<tr>\n<td width=\"20%\"><img decoding=\"async\" src=\"http:\/\/huerther-bruecke.de\/wp-content\/uploads\/2019\/10\/Landtag3.jpg\"><\/td>\n<td><strong>01. Oktober 2019 Landtagsbesuch<\/strong> <br>Anfang Oktober gab es f\u00fcr 17 Gefl\u00fcchtete aus 11 verschiedenen L\u00e4ndern die Gelegenheit, Politik in Nordrhein-Westfalen hautnah zu erleben.\n<p>&nbsp;<\/p>\n<p><a href=\"http:\/\/huerther-bruecke.de\/?p=495\" target=\"_blank\" rel=\"noopener noreferrer\">weiterlesen<\/a><\/p>\n<\/td>\n<\/tr>\n<tr>\n<td width=\"20%\"><img decoding=\"async\" src=\"http:\/\/huerther-bruecke.de\/wp-content\/uploads\/2019\/10\/Treff6.jpg\"><\/td>\n<td><strong>06. Juli 2019 Sommertreff zur interkulturellen Begegnung<\/strong> <br>Zu einem Fest haben sich im Juli alle H\u00fcrther Fl\u00fcchtlingsinitiativen zusammengetan und luden ins Familienzentrum \u201eMittendrin\u201c auf der Bonnstra\u00dfe ein.\n<p>&nbsp;<\/p>\n<p><a href=\"http:\/\/huerther-bruecke.de\/?p=516\" target=\"_blank\" rel=\"noopener noreferrer\">weiterlesen<\/a><\/p>\n<\/td>\n<\/tr>\n<tr>\n<td width=\"20%\"><img decoding=\"async\" src=\"http:\/\/huerther-bruecke.de\/wp-content\/uploads\/2019\/10\/Stadtwerke3.jpg\"><\/td>\n<td><strong>19. M\u00e4rz 2019 Besuch der Stadtwerke<\/strong> <br>Bei einer F\u00fchrung in den Abwasserkl\u00e4ranlagen Wesseling konnten die Teilnehmenden erfahren, wie klares sauberes (Brauch-)Wasser entsteht.\n<p>&nbsp;<\/p>\n<p><a href=\"http:\/\/huerther-bruecke.de\/?p=1172\" target=\"_blank\" rel=\"noopener noreferrer\">weiterlesen<\/a><\/p>\n<\/td>\n<\/tr>\n<tr>\n<td width=\"20%\"><img decoding=\"async\" src=\"http:\/\/huerther-bruecke.de\/wp-content\/uploads\/2019\/10\/Fr\u00fchjahrsputz2.jpg\"><\/td>\n<td><strong>16. M\u00e4rz 2019 Fr\u00fchjahrsputz in H\u00fcrth<\/strong><br>Sarata und Oliver haben sich aus Eigeninitiative der Fr\u00fchjahrsputz-Gruppe in Herm\u00fclheim angeschlossen und tatkr\u00e4ftig M\u00fcll eingesammelt.\n<p>&nbsp;<\/p>\n<p><a href=\"http:\/\/huerther-bruecke.de\/?p=399\" target=\"_blank\" rel=\"noopener noreferrer\">weiterlesen<\/a><\/p>\n<\/td>\n<\/tr>\n<tr>\n<td width=\"20%\"><img decoding=\"async\" src=\"http:\/\/huerther-bruecke.de\/wp-content\/uploads\/2019\/10\/Plakataktion4.jpg\"><\/td>\n<td><strong>01. M\u00e4rz 2019 Plakate an den Bushaltestellen<\/strong> <br>Organisiert hatte die Aktion die Initiative #wirsindh\u00fcrther und viele Vorstandsmitglieder und Helfer aus der H\u00fcrther Br\u00fccke der Kulturen machten mit.\n<p>&nbsp;<\/p>\n<p><a href=\"http:\/\/huerther-bruecke.de\/?p=506\" target=\"_blank\" rel=\"noopener noreferrer\">weiterlesen<\/a><\/p>\n<\/td>\n<\/tr>\n<tr>\n<td width=\"20%\"><img decoding=\"async\" src=\"https:\/\/huerther-bruecke.de\/wp-content\/uploads\/2019\/10\/2018-12-asg.jpg\"><\/td>\n<td><strong>05. Dezember 18: Spende des ASG<\/strong> <br>Das Albert-Schweitzer-Gymnasium hat unseren Verein mit einer Spende \u00fcberrascht.\n<p>&nbsp;<\/p>\n<p><a href=\"http:\/\/huerther-bruecke.de\/?p=313\" target=\"_blank\" rel=\"noopener noreferrer\">weiterlesen<\/a><\/p>\n<\/td>\n<\/tr>\n<\/tbody>\n<\/table>\n\n\n\n<p><\/p>\n\n\n\n<p><\/p>\n\n\n\n<p><\/p>\n","protected":false},"excerpt":{"rendered":"<p>Februar 2023 Hilfe f\u00fcr die Opfer der Erdbeben in Syrien &#8211; Bitte spendet! Die H\u00fcrther Br\u00fccke der Kulturen e.V. und <a class=\"more-link\" href=\"https:\/\/huerther-bruecke.de\/?page_id=1926\">Continue Reading<\/a><\/p>\n","protected":false},"author":4,"featured_media":0,"parent":0,"menu_order":0,"comment_status":"closed","ping_status":"closed","template":"","meta":{"footnotes":""},"class_list":["post-1926","page","type-page","status-publish","hentry","no-post-thumbnail","no-read-more-tag","no-sticky","entry"],"_links":{"self":[{"href":"https:\/\/huerther-bruecke.de\/index.php?rest_route=\/wp\/v2\/pages\/1926","targetHints":{"allow":["GET"]}}],"collection":[{"href":"https:\/\/huerther-bruecke.de\/index.php?rest_route=\/wp\/v2\/pages"}],"about":[{"href":"https:\/\/huerther-bruecke.de\/index.php?rest_route=\/wp\/v2\/types\/page"}],"author":[{"embeddable":true,"href":"https:\/\/huerther-bruecke.de\/index.php?rest_route=\/wp\/v2\/users\/4"}],"replies":[{"embeddable":true,"href":"https:\/\/huerther-bruecke.de\/index.php?rest_route=%2Fwp%2Fv2%2Fcomments&post=1926"}],"version-history":[{"count":3,"href":"https:\/\/huerther-bruecke.de\/index.php?rest_route=\/wp\/v2\/pages\/1926\/revisions"}],"predecessor-version":[{"id":2329,"href":"https:\/\/huerther-bruecke.de\/index.php?rest_route=\/wp\/v2\/pages\/1926\/revisions\/2329"}],"wp:attachment":[{"href":"https:\/\/huerther-bruecke.de\/index.php?rest_route=%2Fwp%2Fv2%2Fmedia&parent=1926"}],"curies":[{"name":"wp","href":"https:\/\/api.w.org\/{rel}","templated":true}]}}