{"id":1931,"date":"2022-08-15T13:56:42","date_gmt":"2022-08-15T13:56:42","guid":{"rendered":"https:\/\/huerther-bruecke.de\/?page_id=1931"},"modified":"2026-01-05T12:22:00","modified_gmt":"2026-01-05T12:22:00","slug":"beratung","status":"publish","type":"page","link":"https:\/\/huerther-bruecke.de\/?page_id=1931","title":{"rendered":"Beratung"},"content":{"rendered":"\n<div class=\"wp-block-columns is-layout-flex wp-container-core-columns-is-layout-9d6595d7 wp-block-columns-is-layout-flex\">\n<div class=\"wp-block-column is-layout-flow wp-block-column-is-layout-flow\">\n<figure class=\"wp-block-image size-large\"><img loading=\"lazy\" decoding=\"async\" width=\"1024\" height=\"183\" src=\"https:\/\/huerther-bruecke.de\/wp-content\/uploads\/2022\/08\/AK_Kinder-1024x183.jpg\" alt=\"\" class=\"wp-image-1943\" srcset=\"https:\/\/huerther-bruecke.de\/wp-content\/uploads\/2022\/08\/AK_Kinder-1024x183.jpg 1024w, https:\/\/huerther-bruecke.de\/wp-content\/uploads\/2022\/08\/AK_Kinder-300x54.jpg 300w, https:\/\/huerther-bruecke.de\/wp-content\/uploads\/2022\/08\/AK_Kinder-768x137.jpg 768w, https:\/\/huerther-bruecke.de\/wp-content\/uploads\/2022\/08\/AK_Kinder-1536x274.jpg 1536w, https:\/\/huerther-bruecke.de\/wp-content\/uploads\/2022\/08\/AK_Kinder-2048x365.jpg 2048w\" sizes=\"auto, (max-width: 1024px) 100vw, 1024px\" \/><\/figure>\n<\/div>\n\n\n\n<div class=\"wp-block-column is-layout-flow wp-block-column-is-layout-flow\">\n<figure class=\"wp-block-image size-full\"><img loading=\"lazy\" decoding=\"async\" width=\"510\" height=\"119\" src=\"https:\/\/huerther-bruecke.de\/wp-content\/uploads\/2022\/08\/AF58E33F-5ACD-4126-998B-DE289E1DE49A.jpeg\" alt=\"\" class=\"wp-image-1967\" srcset=\"https:\/\/huerther-bruecke.de\/wp-content\/uploads\/2022\/08\/AF58E33F-5ACD-4126-998B-DE289E1DE49A.jpeg 510w, https:\/\/huerther-bruecke.de\/wp-content\/uploads\/2022\/08\/AF58E33F-5ACD-4126-998B-DE289E1DE49A-300x70.jpeg 300w\" sizes=\"auto, (max-width: 510px) 100vw, 510px\" \/><\/figure>\n<\/div>\n<\/div>\n\n\n\n<p>Unser Verein bietet f\u00fcr Gefl\u00fcchtete, die in der Stadt ans\u00e4ssig sind, qualifizierte<br>Einzelfallberatung an. Diese beinhaltet die Steuerung verschiedener Hilfen und erm\u00f6glicht es<br>den Menschen, vorhandene Ressourcen nutzen zu k\u00f6nnen.<br>Die individuelle Situation der Klient:innen steht steht im Vordergrund: Welche Bedarfe<br>haben die Einzelnen? Wie kann die Entfaltung des gesamten Potentials gef\u00f6rdert werden?<br>Schwerpunkte sind:<\/p>\n\n\n\n<ul class=\"wp-block-list\">\n<li>Kl\u00e4rung des Aufenthaltsstatus<\/li>\n\n\n\n<li>Beratung in Amtsangelegenheiten<\/li>\n\n\n\n<li>Unterst\u00fctzung bei der Vermittlung und Anmeldung zu Sprachkursen<\/li>\n\n\n\n<li>Beratung zu Schule\/ Bildung, Kinderbetreuung, Berufsausbildung und<br>Arbeitsplatzsuche<\/li>\n\n\n\n<li>Informationen \u00fcber das Gesundheitssystem<\/li>\n\n\n\n<li>Einbinden in das vereinsinterne Joblotsenprogramm<br>Termine f\u00fcr Beratungen k\u00f6nnen telefonisch oder per Mail vereinbart werden.<\/li>\n<\/ul>\n\n\n\n<p><strong>Allgemeine Beratungssprechstunden<\/strong><\/p>\n\n\n\n<p>Zu den B\u00fcrozeiten nach telefonischer oder pers\u00f6nlicher Vereinbarung.<\/p>\n\n\n\n<p><\/p>\n","protected":false},"excerpt":{"rendered":"<p>Unser Verein bietet f\u00fcr Gefl\u00fcchtete, die in der Stadt ans\u00e4ssig sind, qualifizierteEinzelfallberatung an. Diese beinhaltet die Steuerung verschiedener Hilfen und <a class=\"more-link\" href=\"https:\/\/huerther-bruecke.de\/?page_id=1931\">Continue Reading<\/a><\/p>\n","protected":false},"author":1,"featured_media":0,"parent":0,"menu_order":0,"comment_status":"closed","ping_status":"closed","template":"","meta":{"footnotes":""},"class_list":["post-1931","page","type-page","status-publish","hentry","no-post-thumbnail","no-read-more-tag","no-sticky","entry"],"_links":{"self":[{"href":"https:\/\/huerther-bruecke.de\/index.php?rest_route=\/wp\/v2\/pages\/1931","targetHints":{"allow":["GET"]}}],"collection":[{"href":"https:\/\/huerther-bruecke.de\/index.php?rest_route=\/wp\/v2\/pages"}],"about":[{"href":"https:\/\/huerther-bruecke.de\/index.php?rest_route=\/wp\/v2\/types\/page"}],"author":[{"embeddable":true,"href":"https:\/\/huerther-bruecke.de\/index.php?rest_route=\/wp\/v2\/users\/1"}],"replies":[{"embeddable":true,"href":"https:\/\/huerther-bruecke.de\/index.php?rest_route=%2Fwp%2Fv2%2Fcomments&post=1931"}],"version-history":[{"count":19,"href":"https:\/\/huerther-bruecke.de\/index.php?rest_route=\/wp\/v2\/pages\/1931\/revisions"}],"predecessor-version":[{"id":2918,"href":"https:\/\/huerther-bruecke.de\/index.php?rest_route=\/wp\/v2\/pages\/1931\/revisions\/2918"}],"wp:attachment":[{"href":"https:\/\/huerther-bruecke.de\/index.php?rest_route=%2Fwp%2Fv2%2Fmedia&parent=1931"}],"curies":[{"name":"wp","href":"https:\/\/api.w.org\/{rel}","templated":true}]}}