{"id":229,"date":"2019-10-04T13:55:45","date_gmt":"2019-10-04T11:55:45","guid":{"rendered":"http:\/\/info.huerther-bruecke-der-kulturen.de\/?page_id=229"},"modified":"2023-11-07T11:27:16","modified_gmt":"2023-11-07T11:27:16","slug":"verein","status":"publish","type":"page","link":"https:\/\/huerther-bruecke.de\/?page_id=229","title":{"rendered":"Verein"},"content":{"rendered":"<div class=\"wp-block-image\">\n<figure class=\"aligncenter size-full\"><img loading=\"lazy\" decoding=\"async\" width=\"428\" height=\"428\" src=\"https:\/\/huerther-bruecke.de\/wp-content\/uploads\/2019\/11\/Logo512.png\" alt=\"\" class=\"wp-image-1086\" srcset=\"https:\/\/huerther-bruecke.de\/wp-content\/uploads\/2019\/11\/Logo512.png 428w, https:\/\/huerther-bruecke.de\/wp-content\/uploads\/2019\/11\/Logo512-300x300.png 300w, https:\/\/huerther-bruecke.de\/wp-content\/uploads\/2019\/11\/Logo512-150x150.png 150w, https:\/\/huerther-bruecke.de\/wp-content\/uploads\/2019\/11\/Logo512-100x100.png 100w\" sizes=\"auto, (max-width: 428px) 100vw, 428px\" \/><\/figure>\n<\/div>\n\n\n<p>Die \u201eH\u00fcrther Br\u00fccke der Kulturen e. V.\u201c ist ein Verein, der sich als  Migrantenselbstorganisation versteht. Das hei\u00dft, dass zu uns Menschen  mit Wurzeln in aller Welt kommen, die mit ihren F\u00e4higkeiten die  Vereinsarbeit tragen und diese gestalten. Wir wollen gemeinsam zum  interkulturellen Austausch und Dialog in unserer Stadt beitragen und  sichtbare Zeichen setzen f\u00fcr ein \u201eWir\u201c \u2013 ein respektvolles und  tolerantes Miteinander \u2013 in H\u00fcrth. \u201eGemeinsam eins sein\u201c \u2013 so lautet  unser Slogan, der im Schuljahr 2013 von der Eingangsklasse f\u00fcr  Gestaltung am H\u00fcrther Goldenberg Berufskolleg zum Thema Integration  entwickelt wurde. Unser Ziel ist es, dass Integration in unserer Stadt  H\u00fcrth und dar\u00fcber hinaus gelingt.<\/p>\n\n\n\n<p>Bereits im Jahre 2013 hat sich auf Initiative der st\u00e4dtischen \nIntegrationsbeauftragten Marita Meurer eine Arbeitsgruppe gebildet mit \nder Aufgabe, Sprachlotsen f\u00fcr Neuzuwanderer zu finden. In H\u00fcrth lebt \neine Vielfalt an Menschen aus anderen L\u00e4ndern, die unterschiedliche \nSprachen und Dialekte sprechen. Die galt es aufzurufen und f\u00fcr die \nArbeit in der Arbeitsgruppe zu begeistern. Die Bereitschaft war gro\u00df, \nZuwanderern und Fl\u00fcchtlingen zu helfen und sie als Sprachmittler zu \nBeh\u00f6rden oder \u00c4rzten zu begleiten.<\/p>\n\n\n\n<p>Die Arbeitsgruppe gab sich den Namen \u201eH\u00fcrther Br\u00fccke der Kulturen\u201c, \naus der dann im Juli 2015 der eingetragene Verein hervorging. Inzwischen\n engagieren sich in unserem Verein ca. 70 Menschen zwischen 17 und 75 \nJahren, wobei die Zahl stetig steigt. Das Interesse an unserer Arbeit \nist gro\u00df. Viele B\u00fcrgerinnen und B\u00fcrger sind neugierig geworden, bringen \nsich ehrenamtlich ein und bereichern unsere Projekte und T\u00e4tigkeiten.<\/p>\n\n\n\n<p>Zu unserem Angebot geh\u00f6ren vor allem die Deutschkurse, die wir mehrmals w\u00f6chentlich  durch die Unterst\u00fctzung ehrenamtlicher Mitarbeiter anbieten k\u00f6nnen. Wir  helfen vor allem bei der Bew\u00e4ltigung von Alltagsproblemen, sammeln auch Sach-  und Geldspenden und feiern gemeinsam interkulturelle Feste.<\/p>\n\n\n\n<p>Wir sind stolz darauf, dass wir das Engagement unterschiedlichster \nMenschen mit so vielf\u00e4ltigen Sprachkompetenzen und weiteren F\u00e4higkeiten \nvereinen und den interkulturellen Dialog und Integration leben und \nf\u00f6rdern.<\/p>\n","protected":false},"excerpt":{"rendered":"<p>Die \u201eH\u00fcrther Br\u00fccke der Kulturen e. V.\u201c ist ein Verein, der sich als Migrantenselbstorganisation versteht. Das hei\u00dft, dass zu uns <a class=\"more-link\" href=\"https:\/\/huerther-bruecke.de\/?page_id=229\">Continue Reading<\/a><\/p>\n","protected":false},"author":4,"featured_media":0,"parent":0,"menu_order":3,"comment_status":"closed","ping_status":"closed","template":"","meta":{"footnotes":""},"class_list":["post-229","page","type-page","status-publish","hentry","no-post-thumbnail","no-read-more-tag","no-sticky","entry"],"_links":{"self":[{"href":"https:\/\/huerther-bruecke.de\/index.php?rest_route=\/wp\/v2\/pages\/229","targetHints":{"allow":["GET"]}}],"collection":[{"href":"https:\/\/huerther-bruecke.de\/index.php?rest_route=\/wp\/v2\/pages"}],"about":[{"href":"https:\/\/huerther-bruecke.de\/index.php?rest_route=\/wp\/v2\/types\/page"}],"author":[{"embeddable":true,"href":"https:\/\/huerther-bruecke.de\/index.php?rest_route=\/wp\/v2\/users\/4"}],"replies":[{"embeddable":true,"href":"https:\/\/huerther-bruecke.de\/index.php?rest_route=%2Fwp%2Fv2%2Fcomments&post=229"}],"version-history":[{"count":9,"href":"https:\/\/huerther-bruecke.de\/index.php?rest_route=\/wp\/v2\/pages\/229\/revisions"}],"predecessor-version":[{"id":2263,"href":"https:\/\/huerther-bruecke.de\/index.php?rest_route=\/wp\/v2\/pages\/229\/revisions\/2263"}],"wp:attachment":[{"href":"https:\/\/huerther-bruecke.de\/index.php?rest_route=%2Fwp%2Fv2%2Fmedia&parent=229"}],"curies":[{"name":"wp","href":"https:\/\/api.w.org\/{rel}","templated":true}]}}