{"id":2343,"date":"2023-12-16T13:19:32","date_gmt":"2023-12-16T13:19:32","guid":{"rendered":"https:\/\/huerther-bruecke.de\/?page_id=2343"},"modified":"2023-12-16T13:32:10","modified_gmt":"2023-12-16T13:32:10","slug":"nie-wieder-ist-jetzt","status":"publish","type":"page","link":"https:\/\/huerther-bruecke.de\/?page_id=2343","title":{"rendered":"&#8222;Nie wieder&#8220; ist jetzt"},"content":{"rendered":"\n<p>Wir von der H\u00fcrther Br\u00fccke setzen uns grunds\u00e4tzlich f\u00fcr all unsere Mitmenschen ein. Wir dulden weder Antisemitismus noch andere For\u00admen der Diskriminierung aus rassistischen, religi\u00f6sen oder ethnischen Gr\u00fcnden. Deshalb beunruhigt uns die Zunahme aggressiver antisemi\u00adtischer Vorf\u00e4lle, aber auch muslimfeindlicher Hetze in Deutschland sehr.<\/p>\n\n\n\n<p><u>\u201eNie wieder\u201c<\/u>, so gedenken wir Deutschen j\u00e4hrlich der Opfer der Judenpogrome von 1938. Und tats\u00e4chlich <u>\u201eist jetzt\u201c<\/u> die Zeit, als deutsche Gesellschaft Verantwortung zu \u00fcbernehmen. Wir d\u00fcrfen weder zulassen, dass unsere j\u00fcdischen Mitb\u00fcrger*innen erneut bedroht werden und in Angst leben m\u00fcssen, noch d\u00fcrfen wir hinnehmen, dass bei uns lebende Muslime angefeindet und generell verd\u00e4chtigt werden, sie seien gewaltbereite Islamisten<\/p>\n\n\n\n<p>In der H\u00fcrther Br\u00fccke treffen sich t\u00e4glich viele Menschen aus unterschiedlichen Nationen in Deutschkursen, zur Nachhilfe und zu Beratungen. Ein respektvoller, freundlicher und friedlicher Umgang miteinander ist eine wichtige Voraussetzung f\u00fcr eine erfolgreiche Integrationsarbeit unserer ehrenamtlichen Mitarbeiter*innen.<\/p>\n\n\n\n<p>Im Vorstand unseres Vereins sind wir Christen, Juden und Muslime. Daher sind die jeweilige Betroffenheit und der Fokus des Einzelnen nat\u00fcrlich auch gepr\u00e4gt durch verschiedene Wurzeln. Aber uns eint unsere Empathie f\u00fcr alle hilflos der Gewalt ausgesetzten Menschen und unser Ziel, zumindest in unserem Umfeld zu Frieden und Chancengerechtigkeit beizutragen.<\/p>\n\n\n\n<div class=\"alignnormal\"><div id=\"metaslider-id-2337\" style=\"max-width: 640px;\" class=\"ml-slider-3-109-0 metaslider metaslider-flex metaslider-2337 ml-slider has-dots-nav ms-theme-default\" role=\"region\" aria-label=\"Nie wieder ist jetzt\" data-height=\"480\" data-width=\"640\">\n    <div id=\"metaslider_container_2337\">\n        <div id=\"metaslider_2337\">\n            <ul class='slides'>\n                <li style=\"display: block; width: 100%;\" class=\"slide-2338 ms-image \" aria-roledescription=\"slide\" data-date=\"2023-12-16 12:55:54\" data-filename=\"LA_BADGE_VollformatGrafiken_NieWiederIstJetzt_A02_KSE-e1702733189535-608x456.png\" data-slide-type=\"image\"><img loading=\"lazy\" decoding=\"async\" src=\"https:\/\/huerther-bruecke.de\/wp-content\/uploads\/2023\/12\/LA_BADGE_VollformatGrafiken_NieWiederIstJetzt_A02_KSE-e1702733189535-608x456.png\" height=\"480\" width=\"640\" alt=\"\" class=\"slider-2337 slide-2338 msDefaultImage\" title=\"LA_BADGE_VollformatGrafiken_NieWiederIstJetzt_A02_KSE\" \/><\/li>\n                <li style=\"display: none; width: 100%;\" class=\"slide-2339 ms-image \" aria-roledescription=\"slide\" data-date=\"2023-12-16 12:55:54\" data-filename=\"Stolpersteine4-640x480.jpg\" data-slide-type=\"image\"><img loading=\"lazy\" decoding=\"async\" src=\"https:\/\/huerther-bruecke.de\/wp-content\/uploads\/2023\/12\/Stolpersteine4-640x480.jpg\" height=\"480\" width=\"640\" alt=\"\" class=\"slider-2337 slide-2339 msDefaultImage\" title=\"Stolpersteine4\" \/><\/li>\n                <li style=\"display: none; width: 100%;\" class=\"slide-2340 ms-image \" aria-roledescription=\"slide\" data-date=\"2023-12-16 12:55:54\" data-filename=\"Stolpersteine3-640x480.jpg\" data-slide-type=\"image\"><img loading=\"lazy\" decoding=\"async\" src=\"https:\/\/huerther-bruecke.de\/wp-content\/uploads\/2023\/12\/Stolpersteine3-640x480.jpg\" height=\"480\" width=\"640\" alt=\"\" class=\"slider-2337 slide-2340 msDefaultImage\" title=\"Stolpersteine3\" \/><\/li>\n                <li style=\"display: none; width: 100%;\" class=\"slide-2341 ms-image \" aria-roledescription=\"slide\" data-date=\"2023-12-16 12:55:54\" data-filename=\"Stolpersteine2-640x480.jpg\" data-slide-type=\"image\"><img loading=\"lazy\" decoding=\"async\" src=\"https:\/\/huerther-bruecke.de\/wp-content\/uploads\/2023\/12\/Stolpersteine2-640x480.jpg\" height=\"480\" width=\"640\" alt=\"\" class=\"slider-2337 slide-2341 msDefaultImage\" title=\"Stolpersteine2\" \/><\/li>\n                <li style=\"display: none; width: 100%;\" class=\"slide-2342 ms-image \" aria-roledescription=\"slide\" data-date=\"2023-12-16 12:55:54\" data-filename=\"Stolpersteine1-512x384.jpg\" data-slide-type=\"image\"><img loading=\"lazy\" decoding=\"async\" src=\"https:\/\/huerther-bruecke.de\/wp-content\/uploads\/2023\/12\/Stolpersteine1-512x384.jpg\" height=\"480\" width=\"640\" alt=\"\" class=\"slider-2337 slide-2342 msDefaultImage\" title=\"Stolpersteine1\" \/><\/li>\n            <\/ul>\n        <\/div>\n        \n    <\/div>\n<\/div><\/div>\n","protected":false},"excerpt":{"rendered":"<p>Wir von der H\u00fcrther Br\u00fccke setzen uns grunds\u00e4tzlich f\u00fcr all unsere Mitmenschen ein. Wir dulden weder Antisemitismus noch andere For\u00admen <a class=\"more-link\" href=\"https:\/\/huerther-bruecke.de\/?page_id=2343\">Continue Reading<\/a><\/p>\n","protected":false},"author":4,"featured_media":0,"parent":229,"menu_order":0,"comment_status":"closed","ping_status":"closed","template":"","meta":{"footnotes":""},"class_list":["post-2343","page","type-page","status-publish","hentry","no-post-thumbnail","no-read-more-tag","no-sticky","entry"],"_links":{"self":[{"href":"https:\/\/huerther-bruecke.de\/index.php?rest_route=\/wp\/v2\/pages\/2343","targetHints":{"allow":["GET"]}}],"collection":[{"href":"https:\/\/huerther-bruecke.de\/index.php?rest_route=\/wp\/v2\/pages"}],"about":[{"href":"https:\/\/huerther-bruecke.de\/index.php?rest_route=\/wp\/v2\/types\/page"}],"author":[{"embeddable":true,"href":"https:\/\/huerther-bruecke.de\/index.php?rest_route=\/wp\/v2\/users\/4"}],"replies":[{"embeddable":true,"href":"https:\/\/huerther-bruecke.de\/index.php?rest_route=%2Fwp%2Fv2%2Fcomments&post=2343"}],"version-history":[{"count":4,"href":"https:\/\/huerther-bruecke.de\/index.php?rest_route=\/wp\/v2\/pages\/2343\/revisions"}],"predecessor-version":[{"id":2348,"href":"https:\/\/huerther-bruecke.de\/index.php?rest_route=\/wp\/v2\/pages\/2343\/revisions\/2348"}],"up":[{"embeddable":true,"href":"https:\/\/huerther-bruecke.de\/index.php?rest_route=\/wp\/v2\/pages\/229"}],"wp:attachment":[{"href":"https:\/\/huerther-bruecke.de\/index.php?rest_route=%2Fwp%2Fv2%2Fmedia&parent=2343"}],"curies":[{"name":"wp","href":"https:\/\/api.w.org\/{rel}","templated":true}]}}