{"id":295,"date":"2019-10-04T15:51:41","date_gmt":"2019-10-04T13:51:41","guid":{"rendered":"http:\/\/info.huerther-bruecke-der-kulturen.de\/?page_id=295"},"modified":"2023-04-12T14:52:47","modified_gmt":"2023-04-12T14:52:47","slug":"herzlich-willkommen","status":"publish","type":"page","link":"https:\/\/huerther-bruecke.de\/","title":{"rendered":"Herzlich willkommen!"},"content":{"rendered":"\n<figure class=\"wp-block-embed is-type-video is-provider-youtube wp-block-embed-youtube wp-embed-aspect-16-9 wp-has-aspect-ratio\"><div class=\"wp-block-embed__wrapper\">\n<iframe loading=\"lazy\" title=\"Die H\u00fcrther Br\u00fccke der Kulturen e.V.\" width=\"628\" height=\"353\" src=\"https:\/\/www.youtube.com\/embed\/qvJsvh-v1P0?feature=oembed\" frameborder=\"0\" allow=\"accelerometer; autoplay; clipboard-write; encrypted-media; gyroscope; picture-in-picture; web-share\" referrerpolicy=\"strict-origin-when-cross-origin\" allowfullscreen><\/iframe>\n<\/div><\/figure>\n\n\n\n<p><\/p>\n\n\n<article>Die H\u00fcrther Br\u00fccke der Kulturen e.V. ist ein Verein, der sich als Migrantenselbstorganisation versteht. Bei uns engagieren sich Menschen aus aller Welt und arbeiten gemeinsam daran, dass Integration und kulturelle Vielfalt in unserer Stadt H\u00fcrth und dar\u00fcber hinaus gelebt werden. Wir machen uns stark f\u00fcr ein respektvolles und tolerantes Miteinander ungeachtet der ethnischen, religi\u00f6sen und sozialen Herkunft. Den interkulturellen Austausch und Dialog f\u00f6rdern wir durch unsere Deutschkurse, gemeinsame Feste und Veranstaltungen und vieles mehr.\n<p>\u00a0<\/p>\n<p>Jeder ist herzlich willkommen! Informieren Sie sich \u00fcber unsere Arbeit und unsere Projekte. Wir freuen uns \u00fcber Ihr Interesse und Ihre Unterst\u00fctzung.<\/p>\n<p class=\"sign\">Ihre H\u00fcrther Br\u00fccke der Kulturen e.V.<\/p>\n<\/article>\n\n\n<div class=\"alignnormal\"><div id=\"metaslider-id-1104\" style=\"max-width: 600px; margin: 0 auto;\" class=\"ml-slider-3-108-0 metaslider metaslider-flex metaslider-1104 ml-slider has-dots-nav ms-theme-default\" role=\"region\" aria-label=\"Neues\" data-height=\"400\" data-width=\"600\">\n    <div id=\"metaslider_container_1104\">\n        <div id=\"metaslider_1104\">\n            <ul class='slides'>\n                <li style=\"display: block; width: 100%;\" class=\"slide-3041 ms-image \" aria-roledescription=\"slide\" data-date=\"2026-04-12 12:24:30\" data-filename=\"signal-2026-04-07-13-51-26-515-4-600x400.jpg\" data-slide-type=\"image\"><img loading=\"lazy\" decoding=\"async\" src=\"https:\/\/huerther-bruecke.de\/wp-content\/uploads\/2026\/04\/signal-2026-04-07-13-51-26-515-4-600x400.jpg\" height=\"400\" width=\"600\" alt=\"\" class=\"slider-1104 slide-3041 msDefaultImage\" title=\"signal-2026-04-07-13-51-26-515-4\" \/><div class=\"caption-wrap\"><div class=\"caption\"><div><strong>Ostern 2026 \u2013 Kreatives aus dem Ostermal-Caf\u00e9 <\/strong><\/div><\/div><\/div><\/li>\n                <li style=\"display: none; width: 100%;\" class=\"slide-3040 ms-image \" aria-roledescription=\"slide\" data-date=\"2026-04-12 12:23:47\" data-filename=\"signal-2026-03-23-15-08-52-929-2-600x400.jpg\" data-slide-type=\"image\"><img loading=\"lazy\" decoding=\"async\" src=\"https:\/\/huerther-bruecke.de\/wp-content\/uploads\/2026\/04\/signal-2026-03-23-15-08-52-929-2-600x400.jpg\" height=\"400\" width=\"600\" alt=\"\" class=\"slider-1104 slide-3040 msDefaultImage\" title=\"signal-2026-03-23-15-08-52-929-2\" \/><div class=\"caption-wrap\"><div class=\"caption\"><div><strong>18. M\u00e4rz 2026 \u2013 Stolpern als Projekt beim Albert-Schweitzer-Tag? <\/strong><\/div><\/div><\/div><\/li>\n                <li style=\"display: none; width: 100%;\" class=\"slide-3039 ms-image \" aria-roledescription=\"slide\" data-date=\"2026-04-12 12:22:37\" data-filename=\"IMG_2068-scaled-600x400.jpeg\" data-slide-type=\"image\"><img loading=\"lazy\" decoding=\"async\" src=\"https:\/\/huerther-bruecke.de\/wp-content\/uploads\/2026\/04\/IMG_2068-scaled-600x400.jpeg\" height=\"400\" width=\"600\" alt=\"\" class=\"slider-1104 slide-3039 msDefaultImage\" title=\"IMG_2068\" \/><div class=\"caption-wrap\"><div class=\"caption\"><div><strong>11. M\u00e4rz 2026 \u2013 Gemeinsamer Fastenbeginn, gemeinsames Fastenbrechen<\/strong><\/div><\/div><\/div><\/li>\n                <li style=\"display: none; width: 100%;\" class=\"slide-3038 ms-image \" aria-roledescription=\"slide\" data-date=\"2026-04-12 12:20:54\" data-filename=\"95969237-4cd2-4ced-88df-aad0e8dde443-600x400.jpg\" data-slide-type=\"image\"><img loading=\"lazy\" decoding=\"async\" src=\"https:\/\/huerther-bruecke.de\/wp-content\/uploads\/2026\/02\/95969237-4cd2-4ced-88df-aad0e8dde443-600x400.jpg\" height=\"400\" width=\"600\" alt=\"\" class=\"slider-1104 slide-3038 msDefaultImage\" title=\"95969237-4cd2-4ced-88df-aad0e8dde443\" \/><div class=\"caption-wrap\"><div class=\"caption\"><div><strong>27. Januar 2026 \u2013 Glanz f\u00fcr die Stolpersteine der Familie Levy<\/strong><\/div><\/div><\/div><\/li>\n                <li style=\"display: none; width: 100%;\" class=\"slide-3037 ms-image \" aria-roledescription=\"slide\" data-date=\"2026-04-12 12:19:32\" data-filename=\"IMG_1632-scaled-600x400.jpg\" data-slide-type=\"image\"><img loading=\"lazy\" decoding=\"async\" src=\"https:\/\/huerther-bruecke.de\/wp-content\/uploads\/2026\/02\/IMG_1632-scaled-600x400.jpg\" height=\"400\" width=\"600\" alt=\"\" class=\"slider-1104 slide-3037 msDefaultImage\" title=\"IMG_1632\" \/><div class=\"caption-wrap\"><div class=\"caption\"><div><strong>26. Januar 2026 \u2013 Besuch von Grundsch\u00fclern in der HBK<\/strong><\/div><\/div><\/div><\/li>\n                <li style=\"display: none; width: 100%;\" class=\"slide-3036 ms-image \" aria-roledescription=\"slide\" data-date=\"2026-04-12 12:18:46\" data-filename=\"2025-Sommerfest-3-600x400.jpg\" data-slide-type=\"image\"><img loading=\"lazy\" decoding=\"async\" src=\"https:\/\/huerther-bruecke.de\/wp-content\/uploads\/2025\/07\/2025-Sommerfest-3-600x400.jpg\" height=\"400\" width=\"600\" alt=\"\" class=\"slider-1104 slide-3036 msDefaultImage\" title=\"2025 Sommerfest 3\" \/><div class=\"caption-wrap\"><div class=\"caption\"><div><strong>Juli 2025 \u2013 Wir feiern dieses Jahr \u201e10 Jahre H\u00fcrther Br\u00fccke der Kulturen e.V.\u201c<\/strong><\/div><\/div><\/div><\/li>\n                <li style=\"display: none; width: 100%;\" class=\"slide-2795 ms-image \" aria-roledescription=\"slide\" data-date=\"2024-11-04 08:19:29\" data-filename=\"PHOTO-2024-10-16-15-43-54-600x400.jpg\" data-slide-type=\"image\"><img loading=\"lazy\" decoding=\"async\" src=\"https:\/\/huerther-bruecke.de\/wp-content\/uploads\/2024\/11\/PHOTO-2024-10-16-15-43-54-600x400.jpg\" height=\"400\" width=\"600\" alt=\"\" class=\"slider-1104 slide-2795 msDefaultImage\" title=\"PHOTO-2024-10-16-15-43-54\" \/><div class=\"caption-wrap\"><div class=\"caption\"><div>Oktober 2024 - Workshop \"Wir produzieren H\u00f6rspiele\"<\/div><\/div><\/div><\/li>\n                <li style=\"display: none; width: 100%;\" class=\"slide-2742 ms-image \" aria-roledescription=\"slide\" data-date=\"2024-08-19 08:58:19\" data-filename=\"Sand-5-600x400.jpg\" data-slide-type=\"image\"><img loading=\"lazy\" decoding=\"async\" src=\"https:\/\/huerther-bruecke.de\/wp-content\/uploads\/2024\/08\/Sand-5-600x400.jpg\" height=\"400\" width=\"600\" alt=\"\" class=\"slider-1104 slide-2742 msDefaultImage\" title=\"Sand 5\" \/><div class=\"caption-wrap\"><div class=\"caption\"><div>August 2024 - Ferienangebot Sandmalerei ausprobieren<\/div><\/div><\/div><\/li>\n                <li style=\"display: none; width: 100%;\" class=\"slide-2741 ms-image \" aria-roledescription=\"slide\" data-date=\"2024-08-19 08:58:19\" data-filename=\"Offenes-Sprachangebot-A2-600x400.jpg\" data-slide-type=\"image\"><img loading=\"lazy\" decoding=\"async\" src=\"https:\/\/huerther-bruecke.de\/wp-content\/uploads\/2024\/08\/Offenes-Sprachangebot-A2-600x400.jpg\" height=\"400\" width=\"600\" alt=\"\" class=\"slider-1104 slide-2741 msDefaultImage\" title=\"Offenes Sprachangebot A2\" \/><div class=\"caption-wrap\"><div class=\"caption\"><div>August 2024 - Ferienaktion Offenes Sprachangebot<\/div><\/div><\/div><\/li>\n                <li style=\"display: none; width: 100%;\" class=\"slide-2522 ms-image \" aria-roledescription=\"slide\" data-date=\"2024-05-21 08:12:11\" data-filename=\"Podium-3-600x400.jpg\" data-slide-type=\"image\"><img loading=\"lazy\" decoding=\"async\" src=\"https:\/\/huerther-bruecke.de\/wp-content\/uploads\/2024\/05\/Podium-3-600x400.jpg\" height=\"400\" width=\"600\" alt=\"\" class=\"slider-1104 slide-2522 msDefaultImage\" title=\"Podium 3\" \/><div class=\"caption-wrap\"><div class=\"caption\"><div>14. Mai 2024 - Podiumsdiskussion \"Job-Turbo\" f\u00fcr Gefl\u00fcchtete<\/div><\/div><\/div><\/li>\n                <li style=\"display: none; width: 100%;\" class=\"slide-2408 ms-image \" aria-roledescription=\"slide\" data-date=\"2024-02-15 09:43:30\" data-filename=\"2024-01-Lions-3-1-scaled-600x400.jpg\" data-slide-type=\"image\"><img loading=\"lazy\" decoding=\"async\" src=\"https:\/\/huerther-bruecke.de\/wp-content\/uploads\/2024\/02\/2024-01-Lions-3-1-scaled-600x400.jpg\" height=\"400\" width=\"600\" alt=\"\" class=\"slider-1104 slide-2408 msDefaultImage\" title=\"2024-01-Lions-3-1\" \/><div class=\"caption-wrap\"><div class=\"caption\"><div>Januar 2024 - Spenden\u00fcbergabe des LIIONS-Club H\u00fcrth<\/div><\/div><\/div><\/li>\n                <li style=\"display: none; width: 100%;\" class=\"slide-2807 ms-image \" aria-roledescription=\"slide\" data-date=\"2024-11-26 08:54:06\" data-filename=\"Preisverleihung-Rhein-Erft-Kreis-Schweinsburg-scaled-600x400.jpg\" data-slide-type=\"image\"><img loading=\"lazy\" decoding=\"async\" src=\"https:\/\/huerther-bruecke.de\/wp-content\/uploads\/2024\/11\/Preisverleihung-Rhein-Erft-Kreis-Schweinsburg-scaled-600x400.jpg\" height=\"400\" width=\"600\" alt=\"\" class=\"slider-1104 slide-2807 msDefaultImage\" title=\"Preisverleihung Rhein-Erft-Kreis Schweinsburg\" \/><div class=\"caption-wrap\"><div class=\"caption\"><div>November 2024 \u2013 Wir freuen uns \u00fcber den Integrationspreis Rhein Erft 2024<\/div> <div>Foto Copyright \u00a0@rhein-erft-kreis \/ schweinsburg\u00a0<\/div><\/div><\/div><\/li>\n                <li style=\"display: none; width: 100%;\" class=\"slide-2803 ms-image \" aria-roledescription=\"slide\" data-date=\"2024-11-21 10:35:00\" data-filename=\"IMG_8642-scaled-600x400.jpg\" data-slide-type=\"image\"><img loading=\"lazy\" decoding=\"async\" src=\"https:\/\/huerther-bruecke.de\/wp-content\/uploads\/2024\/11\/IMG_8642-scaled-600x400.jpg\" height=\"400\" width=\"600\" alt=\"\" class=\"slider-1104 slide-2803 msDefaultImage\" title=\"NRW bleibt sozial\" \/><div class=\"caption-wrap\"><div class=\"caption\"><div>November 2024 \u2013 Kundgebung in D\u00fcsseldorf \u201eNRW bleibt sozial!\u201c<\/div><\/div><\/div><\/li>\n            <\/ul>\n        <\/div>\n        \n    <\/div>\n<\/div><\/div>\n","protected":false},"excerpt":{"rendered":"<p>Die H\u00fcrther Br\u00fccke der Kulturen e.V. ist ein Verein, der sich als Migrantenselbstorganisation versteht. Bei uns engagieren sich Menschen aus <a class=\"more-link\" href=\"https:\/\/huerther-bruecke.de\/\">Continue Reading<\/a><\/p>\n","protected":false},"author":1,"featured_media":0,"parent":0,"menu_order":0,"comment_status":"closed","ping_status":"closed","template":"","meta":{"footnotes":""},"class_list":["post-295","page","type-page","status-publish","hentry","no-post-thumbnail","no-read-more-tag","no-sticky","entry"],"_links":{"self":[{"href":"https:\/\/huerther-bruecke.de\/index.php?rest_route=\/wp\/v2\/pages\/295","targetHints":{"allow":["GET"]}}],"collection":[{"href":"https:\/\/huerther-bruecke.de\/index.php?rest_route=\/wp\/v2\/pages"}],"about":[{"href":"https:\/\/huerther-bruecke.de\/index.php?rest_route=\/wp\/v2\/types\/page"}],"author":[{"embeddable":true,"href":"https:\/\/huerther-bruecke.de\/index.php?rest_route=\/wp\/v2\/users\/1"}],"replies":[{"embeddable":true,"href":"https:\/\/huerther-bruecke.de\/index.php?rest_route=%2Fwp%2Fv2%2Fcomments&post=295"}],"version-history":[{"count":9,"href":"https:\/\/huerther-bruecke.de\/index.php?rest_route=\/wp\/v2\/pages\/295\/revisions"}],"predecessor-version":[{"id":1921,"href":"https:\/\/huerther-bruecke.de\/index.php?rest_route=\/wp\/v2\/pages\/295\/revisions\/1921"}],"wp:attachment":[{"href":"https:\/\/huerther-bruecke.de\/index.php?rest_route=%2Fwp%2Fv2%2Fmedia&parent=295"}],"curies":[{"name":"wp","href":"https:\/\/api.w.org\/{rel}","templated":true}]}}