{"id":308,"date":"2019-10-04T16:26:10","date_gmt":"2019-10-04T14:26:10","guid":{"rendered":"http:\/\/info.huerther-bruecke-der-kulturen.de\/?page_id=308"},"modified":"2024-09-05T07:05:01","modified_gmt":"2024-09-05T07:05:01","slug":"projekt","status":"publish","type":"page","link":"https:\/\/huerther-bruecke.de\/?page_id=308","title":{"rendered":"Projekte"},"content":{"rendered":"<p>Die Aktivit\u00e4ten der \u201eH\u00fcrther Br\u00fccke der Kulturen e.V.\u201c sind vielf\u00e4ltig, wenn es um die Integration und Unterst\u00fctzung von Asylsuchenden, Asylberechtigten und Migranten geht, die in H\u00fcrth leben.<\/p>\n<p>Die Deutschkurse, die Beratungen und das B\u00fcrgernetzwerk &#8222;Engagiert in H\u00fcrth&#8220; stellen wichtige Eckpfeiler der Vereinsarbeit dar. \u00dcber das Angebot k\u00f6nnen Sie sich hier umfassend informieren.<\/p>\n<p>Die \u201eH\u00fcrther Br\u00fccke der Kulturen e.V.\u201c verfolgt dar\u00fcber hinaus weitere Projekte, die wir Ihnen zuk\u00fcnftig vorstellen werden. Es gibt noch viel zu tun!<\/p>\n","protected":false},"excerpt":{"rendered":"<p>Die Aktivit\u00e4ten der \u201eH\u00fcrther Br\u00fccke der Kulturen e.V.\u201c sind vielf\u00e4ltig, wenn es um die Integration und Unterst\u00fctzung von Asylsuchenden, Asylberechtigten <a class=\"more-link\" href=\"https:\/\/huerther-bruecke.de\/?page_id=308\">Continue Reading<\/a><\/p>\n","protected":false},"author":1,"featured_media":0,"parent":0,"menu_order":0,"comment_status":"closed","ping_status":"closed","template":"","meta":{"footnotes":""},"class_list":["post-308","page","type-page","status-publish","hentry","no-post-thumbnail","no-read-more-tag","no-sticky","entry"],"_links":{"self":[{"href":"https:\/\/huerther-bruecke.de\/index.php?rest_route=\/wp\/v2\/pages\/308","targetHints":{"allow":["GET"]}}],"collection":[{"href":"https:\/\/huerther-bruecke.de\/index.php?rest_route=\/wp\/v2\/pages"}],"about":[{"href":"https:\/\/huerther-bruecke.de\/index.php?rest_route=\/wp\/v2\/types\/page"}],"author":[{"embeddable":true,"href":"https:\/\/huerther-bruecke.de\/index.php?rest_route=\/wp\/v2\/users\/1"}],"replies":[{"embeddable":true,"href":"https:\/\/huerther-bruecke.de\/index.php?rest_route=%2Fwp%2Fv2%2Fcomments&post=308"}],"version-history":[{"count":3,"href":"https:\/\/huerther-bruecke.de\/index.php?rest_route=\/wp\/v2\/pages\/308\/revisions"}],"predecessor-version":[{"id":2747,"href":"https:\/\/huerther-bruecke.de\/index.php?rest_route=\/wp\/v2\/pages\/308\/revisions\/2747"}],"wp:attachment":[{"href":"https:\/\/huerther-bruecke.de\/index.php?rest_route=%2Fwp%2Fv2%2Fmedia&parent=308"}],"curies":[{"name":"wp","href":"https:\/\/api.w.org\/{rel}","templated":true}]}}